{"id":30834,"date":"2025-09-18T12:01:26","date_gmt":"2025-09-18T12:01:26","guid":{"rendered":"https:\/\/blog.3coty.com\/?page_id=30834"},"modified":"2025-12-09T18:01:24","modified_gmt":"2025-12-09T18:01:24","slug":"cookie-policy","status":"publish","type":"page","link":"https:\/\/blog.3coty.com\/es\/cookie-policy\/","title":{"rendered":"Pol\u00edtica de cookies"},"content":{"rendered":"<p>&nbsp;<\/p>\n<h1>Pol\u00edtica de cookies<\/h1>\n<h2 data-start=\"182\" data-end=\"206\">\u00bfQu\u00e9 son las cookies?<\/h2>\n<p data-start=\"208\" data-end=\"454\">Las cookies son peque\u00f1os archivos de texto que se almacenan en tu dispositivo y que nos ayudan a que nuestro sitio web funcione correctamente, a mejorar la seguridad, a ofrecer una mejor experiencia de usuario y a analizar c\u00f3mo funciona el sitio.<\/p>\n<p>&nbsp;<\/p>\n<h2 data-start=\"461\" data-end=\"485\">\u00bfQu\u00e9 son las cookies?<\/h2>\n<p data-start=\"487\" data-end=\"755\">Esta Pol\u00edtica de cookies explica qu\u00e9 son las cookies y c\u00f3mo las utilizamos, los tipos de cookies que empleamos (es decir, la informaci\u00f3n que recopilamos mediante cookies y c\u00f3mo se usa dicha informaci\u00f3n), as\u00ed como la manera de gestionar la configuraci\u00f3n de las cookies.<\/p>\n<p data-start=\"757\" data-end=\"1188\">Las cookies son peque\u00f1os archivos de texto que se utilizan para almacenar peque\u00f1as cantidades de informaci\u00f3n. Se guardan en tu dispositivo cuando el sitio web se carga en tu navegador. Estas cookies nos ayudan a que el sitio web funcione correctamente, a hacerlo m\u00e1s seguro, a ofrecer una mejor experiencia de usuario y a comprender c\u00f3mo funciona el sitio, adem\u00e1s de analizar qu\u00e9 aspectos funcionan bien y cu\u00e1les necesitan mejoras.<\/p>\n<p>&nbsp;<\/p>\n<h2 data-start=\"1195\" data-end=\"1227\">\u00bfC\u00f3mo utilizamos las cookies?<\/h2>\n<p data-start=\"1229\" data-end=\"1491\">Como la mayor\u00eda de los servicios en l\u00ednea, nuestro sitio web utiliza cookies propias y de terceros con varios fines. Las cookies propias son principalmente necesarias para que el sitio web funcione correctamente y no recopilan ning\u00fan dato personal identificable.<\/p>\n<p data-start=\"1493\" data-end=\"1865\">Las cookies de terceros que utilizamos en nuestro sitio web sirven principalmente para comprender c\u00f3mo funciona el sitio, c\u00f3mo interact\u00faas con \u00e9l, mantener nuestros servicios seguros, ofrecerte anuncios relevantes y, en general, proporcionarte una experiencia de usuario mejorada y m\u00e1s eficiente, ayudando adem\u00e1s a acelerar tus futuras interacciones con nuestro sitio web.<\/p>\n<p data-start=\"1867\" data-end=\"1886\">[wcc_category_list]<\/p>\n<p>&nbsp;<\/p>\n<h2 data-start=\"1893\" data-end=\"1933\">Gestionar las preferencias de cookies<\/h2>\n<p data-start=\"1935\" data-end=\"2550\">Puedes cambiar tus preferencias de cookies en cualquier momento haciendo clic en el bot\u00f3n [wcc_preference_button]. Esto te permitir\u00e1 volver a ver el banner de consentimiento de cookies y cambiar tus preferencias o retirar tu consentimiento de inmediato.<br data-start=\"2188\" data-end=\"2191\" \/>Adem\u00e1s, los distintos navegadores ofrecen diferentes m\u00e9todos para bloquear y eliminar las cookies utilizadas por los sitios web. Puedes cambiar la configuraci\u00f3n de tu navegador para bloquear o eliminar las cookies. A continuaci\u00f3n se incluyen los enlaces a la documentaci\u00f3n de soporte sobre c\u00f3mo gestionar y eliminar cookies en los principales navegadores web.<\/p>\n<p>Chrome: <a href=\"https:\/\/support.google.com\/accounts\/answer\/32050\"> https:\/\/support.google.com\/accounts\/answer\/32050<\/a><\/p>\n<p>Safari: <a href=\"https:\/\/support.apple.com\/en-in\/guide\/safari\/sfri11471\/mac\">https:\/\/support.apple.com\/en-in\/guide\/safari\/sfri11471\/mac<\/a><\/p>\n<p>Firefox: <a href=\"https:\/\/support.mozilla.org\/en-US\/kb\/clear-cookies-and-site-data-firefox?redirectslug=delete-cookies-remove-info-websites-stored&amp;redirectlocale=en-US\">https:\/\/support.mozilla.org\/en-US\/kb\/clear-cookies-and-site-data-firefox?redirectslug=delete-cookies-remove-info-websites-stored&amp;redirectlocale=en-US<\/a><\/p>\n<p>Microsoft Edge: <a href=\"https:\/\/support.microsoft.com\/en-us\/microsoft-edge\/delete-cookies-in-microsoft-edge-63947406-40ac-c3b8-57b9-2a946a29ae09\"> Eliminar cookies en Microsoft Edge &#8211; Microsoft Support<\/a><\/p>\n<p>Si utilizas otro navegador web, visita la documentaci\u00f3n oficial de soporte de tu navegador.<\/p>\n<p>&nbsp;<\/p>\n<p><strong data-start=\"3291\" data-end=\"3316\">\u00daltima actualizaci\u00f3n:<\/strong> 07.11.2025<\/p>\n<p>&nbsp;<\/p>\n","protected":false},"excerpt":{"rendered":"<p>&nbsp; Pol\u00edtica de cookies \u00bfQu\u00e9 son las cookies? Las cookies son peque\u00f1os archivos de texto que se almacenan en tu dispositivo y que nos ayudan a que nuestro sitio web funcione correctamente, a mejorar la seguridad, a ofrecer una mejor experiencia de usuario y a analizar c\u00f3mo funciona el sitio. &nbsp; \u00bfQu\u00e9 son las cookies? &hellip;<\/p>\n","protected":false},"author":3,"featured_media":0,"parent":0,"menu_order":0,"comment_status":"closed","ping_status":"closed","template":"","meta":{"_acf_changed":false,"footnotes":""},"class_list":["post-30834","page","type-page","status-publish","hentry"],"acf":[],"yoast_head":"<!-- This site is optimized with the Yoast SEO Premium plugin v27.4 (Yoast SEO v27.4) - https:\/\/yoast.com\/product\/yoast-seo-premium-wordpress\/ -->\n<title>Pol\u00edtica de cookies | 3coty\u00ae Blog<\/title>\n<meta name=\"robots\" content=\"index, follow, max-snippet:-1, max-image-preview:large, max-video-preview:-1\" \/>\n<link rel=\"canonical\" href=\"https:\/\/blog.3coty.com\/es\/cookie-policy\/\" \/>\n<meta property=\"og:locale\" content=\"es_ES\" \/>\n<meta property=\"og:type\" content=\"article\" \/>\n<meta property=\"og:title\" content=\"Pol\u00edtica de cookies\" \/>\n<meta property=\"og:description\" content=\"&nbsp; Pol\u00edtica de cookies \u00bfQu\u00e9 son las cookies? Las cookies son peque\u00f1os archivos de texto que se almacenan en tu dispositivo y que nos ayudan a que nuestro sitio web funcione correctamente, a mejorar la seguridad, a ofrecer una mejor experiencia de usuario y a analizar c\u00f3mo funciona el sitio. &nbsp; \u00bfQu\u00e9 son las cookies? &hellip;\" \/>\n<meta property=\"og:url\" content=\"https:\/\/blog.3coty.com\/es\/cookie-policy\/\" \/>\n<meta property=\"og:site_name\" content=\"3coty\u00ae Blog\" \/>\n<meta property=\"article:publisher\" content=\"https:\/\/www.facebook.com\/3coty\" \/>\n<meta property=\"article:modified_time\" content=\"2025-12-09T18:01:24+00:00\" \/>\n<meta name=\"twitter:card\" content=\"summary_large_image\" \/>\n<meta name=\"twitter:label1\" content=\"Tiempo de lectura\" \/>\n\t<meta name=\"twitter:data1\" content=\"2 minutos\" \/>\n<script type=\"application\/ld+json\" class=\"yoast-schema-graph\">{\"@context\":\"https:\\\/\\\/schema.org\",\"@graph\":[{\"@type\":\"WebPage\",\"@id\":\"https:\\\/\\\/blog.3coty.com\\\/es\\\/cookie-policy\\\/\",\"url\":\"https:\\\/\\\/blog.3coty.com\\\/es\\\/cookie-policy\\\/\",\"name\":\"Pol\u00edtica de cookies | 3coty\u00ae Blog\",\"isPartOf\":{\"@id\":\"https:\\\/\\\/blog.3coty.com\\\/es\\\/#website\"},\"datePublished\":\"2025-09-18T12:01:26+00:00\",\"dateModified\":\"2025-12-09T18:01:24+00:00\",\"breadcrumb\":{\"@id\":\"https:\\\/\\\/blog.3coty.com\\\/es\\\/cookie-policy\\\/#breadcrumb\"},\"inLanguage\":\"es\",\"potentialAction\":[{\"@type\":\"ReadAction\",\"target\":[\"https:\\\/\\\/blog.3coty.com\\\/es\\\/cookie-policy\\\/\"]}]},{\"@type\":\"BreadcrumbList\",\"@id\":\"https:\\\/\\\/blog.3coty.com\\\/es\\\/cookie-policy\\\/#breadcrumb\",\"itemListElement\":[{\"@type\":\"ListItem\",\"position\":1,\"name\":\"Inicio del blog\",\"item\":\"https:\\\/\\\/blog.3coty.com\\\/es\\\/\"},{\"@type\":\"ListItem\",\"position\":2,\"name\":\"Pol\u00edtica de cookies\"}]},{\"@type\":\"WebSite\",\"@id\":\"https:\\\/\\\/blog.3coty.com\\\/es\\\/#website\",\"url\":\"https:\\\/\\\/blog.3coty.com\\\/es\\\/\",\"name\":\"3coty\u00ae Blog\",\"description\":\"#knowyourcat #loveyourcat\",\"publisher\":{\"@id\":\"https:\\\/\\\/blog.3coty.com\\\/es\\\/#organization\"},\"potentialAction\":[{\"@type\":\"SearchAction\",\"target\":{\"@type\":\"EntryPoint\",\"urlTemplate\":\"https:\\\/\\\/blog.3coty.com\\\/es\\\/?s={search_term_string}\"},\"query-input\":{\"@type\":\"PropertyValueSpecification\",\"valueRequired\":true,\"valueName\":\"search_term_string\"}}],\"inLanguage\":\"es\"},{\"@type\":\"Organization\",\"@id\":\"https:\\\/\\\/blog.3coty.com\\\/es\\\/#organization\",\"name\":\"3coty\u00ae Blog\",\"url\":\"https:\\\/\\\/blog.3coty.com\\\/es\\\/\",\"logo\":{\"@type\":\"ImageObject\",\"inLanguage\":\"es\",\"@id\":\"https:\\\/\\\/blog.3coty.com\\\/es\\\/#\\\/schema\\\/logo\\\/image\\\/\",\"url\":\"https:\\\/\\\/blog.3coty.com\\\/wp-content\\\/uploads\\\/2025\\\/05\\\/3coty-512-512.jpg\",\"contentUrl\":\"https:\\\/\\\/blog.3coty.com\\\/wp-content\\\/uploads\\\/2025\\\/05\\\/3coty-512-512.jpg\",\"width\":512,\"height\":512,\"caption\":\"3coty\u00ae Blog\"},\"image\":{\"@id\":\"https:\\\/\\\/blog.3coty.com\\\/es\\\/#\\\/schema\\\/logo\\\/image\\\/\"},\"sameAs\":[\"https:\\\/\\\/www.facebook.com\\\/3coty\",\"https:\\\/\\\/www.instagram.com\\\/3coty\"]}]}<\/script>\n<!-- \/ Yoast SEO Premium plugin. -->","yoast_head_json":{"title":"Pol\u00edtica de cookies | 3coty\u00ae Blog","robots":{"index":"index","follow":"follow","max-snippet":"max-snippet:-1","max-image-preview":"max-image-preview:large","max-video-preview":"max-video-preview:-1"},"canonical":"https:\/\/blog.3coty.com\/es\/cookie-policy\/","og_locale":"es_ES","og_type":"article","og_title":"Pol\u00edtica de cookies","og_description":"&nbsp; Pol\u00edtica de cookies \u00bfQu\u00e9 son las cookies? Las cookies son peque\u00f1os archivos de texto que se almacenan en tu dispositivo y que nos ayudan a que nuestro sitio web funcione correctamente, a mejorar la seguridad, a ofrecer una mejor experiencia de usuario y a analizar c\u00f3mo funciona el sitio. &nbsp; \u00bfQu\u00e9 son las cookies? &hellip;","og_url":"https:\/\/blog.3coty.com\/es\/cookie-policy\/","og_site_name":"3coty\u00ae Blog","article_publisher":"https:\/\/www.facebook.com\/3coty","article_modified_time":"2025-12-09T18:01:24+00:00","twitter_card":"summary_large_image","twitter_misc":{"Tiempo de lectura":"2 minutos"},"schema":{"@context":"https:\/\/schema.org","@graph":[{"@type":"WebPage","@id":"https:\/\/blog.3coty.com\/es\/cookie-policy\/","url":"https:\/\/blog.3coty.com\/es\/cookie-policy\/","name":"Pol\u00edtica de cookies | 3coty\u00ae Blog","isPartOf":{"@id":"https:\/\/blog.3coty.com\/es\/#website"},"datePublished":"2025-09-18T12:01:26+00:00","dateModified":"2025-12-09T18:01:24+00:00","breadcrumb":{"@id":"https:\/\/blog.3coty.com\/es\/cookie-policy\/#breadcrumb"},"inLanguage":"es","potentialAction":[{"@type":"ReadAction","target":["https:\/\/blog.3coty.com\/es\/cookie-policy\/"]}]},{"@type":"BreadcrumbList","@id":"https:\/\/blog.3coty.com\/es\/cookie-policy\/#breadcrumb","itemListElement":[{"@type":"ListItem","position":1,"name":"Inicio del blog","item":"https:\/\/blog.3coty.com\/es\/"},{"@type":"ListItem","position":2,"name":"Pol\u00edtica de cookies"}]},{"@type":"WebSite","@id":"https:\/\/blog.3coty.com\/es\/#website","url":"https:\/\/blog.3coty.com\/es\/","name":"3coty\u00ae Blog","description":"#knowyourcat #loveyourcat","publisher":{"@id":"https:\/\/blog.3coty.com\/es\/#organization"},"potentialAction":[{"@type":"SearchAction","target":{"@type":"EntryPoint","urlTemplate":"https:\/\/blog.3coty.com\/es\/?s={search_term_string}"},"query-input":{"@type":"PropertyValueSpecification","valueRequired":true,"valueName":"search_term_string"}}],"inLanguage":"es"},{"@type":"Organization","@id":"https:\/\/blog.3coty.com\/es\/#organization","name":"3coty\u00ae Blog","url":"https:\/\/blog.3coty.com\/es\/","logo":{"@type":"ImageObject","inLanguage":"es","@id":"https:\/\/blog.3coty.com\/es\/#\/schema\/logo\/image\/","url":"https:\/\/blog.3coty.com\/wp-content\/uploads\/2025\/05\/3coty-512-512.jpg","contentUrl":"https:\/\/blog.3coty.com\/wp-content\/uploads\/2025\/05\/3coty-512-512.jpg","width":512,"height":512,"caption":"3coty\u00ae Blog"},"image":{"@id":"https:\/\/blog.3coty.com\/es\/#\/schema\/logo\/image\/"},"sameAs":["https:\/\/www.facebook.com\/3coty","https:\/\/www.instagram.com\/3coty"]}]}},"_links":{"self":[{"href":"https:\/\/blog.3coty.com\/es\/wp-json\/wp\/v2\/pages\/30834","targetHints":{"allow":["GET"]}}],"collection":[{"href":"https:\/\/blog.3coty.com\/es\/wp-json\/wp\/v2\/pages"}],"about":[{"href":"https:\/\/blog.3coty.com\/es\/wp-json\/wp\/v2\/types\/page"}],"author":[{"embeddable":true,"href":"https:\/\/blog.3coty.com\/es\/wp-json\/wp\/v2\/users\/3"}],"replies":[{"embeddable":true,"href":"https:\/\/blog.3coty.com\/es\/wp-json\/wp\/v2\/comments?post=30834"}],"version-history":[{"count":1,"href":"https:\/\/blog.3coty.com\/es\/wp-json\/wp\/v2\/pages\/30834\/revisions"}],"predecessor-version":[{"id":30836,"href":"https:\/\/blog.3coty.com\/es\/wp-json\/wp\/v2\/pages\/30834\/revisions\/30836"}],"wp:attachment":[{"href":"https:\/\/blog.3coty.com\/es\/wp-json\/wp\/v2\/media?parent=30834"}],"curies":[{"name":"wp","href":"https:\/\/api.w.org\/{rel}","templated":true}]}}