{"id":30829,"date":"2025-09-18T12:01:26","date_gmt":"2025-09-18T12:01:26","guid":{"rendered":"https:\/\/blog.3coty.com\/politique-en-matiere-de-cookies\/"},"modified":"2025-12-09T17:54:04","modified_gmt":"2025-12-09T17:54:04","slug":"cookie-policy","status":"publish","type":"page","link":"https:\/\/blog.3coty.com\/fr\/cookie-policy\/","title":{"rendered":"Politique en mati\u00e8re de cookies"},"content":{"rendered":"<p>&nbsp;<\/p>\n<h1>Politique en mati\u00e8re de cookies<\/h1>\n<h2 data-start=\"178\" data-end=\"203\">Que sont les cookies ?<\/h2>\n<p data-start=\"205\" data-end=\"453\">Les cookies sont de petits fichiers texte enregistr\u00e9s sur votre appareil qui nous aident \u00e0 faire fonctionner correctement notre site web, \u00e0 am\u00e9liorer la s\u00e9curit\u00e9, \u00e0 offrir une meilleure exp\u00e9rience utilisateur et \u00e0 analyser les performances du site.<\/p>\n<p>&nbsp;<\/p>\n<h2 data-start=\"460\" data-end=\"485\">Que sont les cookies ?<\/h2>\n<p data-start=\"487\" data-end=\"814\">La pr\u00e9sente politique en mati\u00e8re de cookies explique ce que sont les cookies et comment nous les utilisons, les types de cookies que nous utilisons, c\u2019est-\u00e0-dire les informations que nous collectons \u00e0 l\u2019aide des cookies et la mani\u00e8re dont ces informations sont utilis\u00e9es, ainsi que la fa\u00e7on de g\u00e9rer les param\u00e8tres des cookies.<\/p>\n<p data-start=\"816\" data-end=\"1256\">Les cookies sont de petits fichiers texte utilis\u00e9s pour stocker de petites quantit\u00e9s d\u2019informations. Ils sont enregistr\u00e9s sur votre appareil lorsque le site web est charg\u00e9 dans votre navigateur. Ces cookies nous aident \u00e0 faire fonctionner le site correctement, \u00e0 le rendre plus s\u00fbr, \u00e0 offrir une meilleure exp\u00e9rience utilisateur et \u00e0 comprendre comment le site fonctionne, ainsi qu\u2019\u00e0 analyser ce qui fonctionne et ce qui doit \u00eatre am\u00e9lior\u00e9.<\/p>\n<p>&nbsp;<\/p>\n<h2 data-start=\"1263\" data-end=\"1302\">Comment utilisons-nous les cookies ?<\/h2>\n<p data-start=\"1304\" data-end=\"1561\">Comme la plupart des services en ligne, notre site web utilise des cookies internes et tiers \u00e0 diverses fins. Les cookies internes sont principalement n\u00e9cessaires au bon fonctionnement du site web et ne collectent aucune donn\u00e9e personnellement identifiable.<\/p>\n<p data-start=\"1563\" data-end=\"1945\">Les cookies tiers utilis\u00e9s sur notre site web servent principalement \u00e0 comprendre comment le site fonctionne, comment vous interagissez avec celui-ci, \u00e0 assurer la s\u00e9curit\u00e9 de nos services, \u00e0 vous proposer des publicit\u00e9s pertinentes et, dans l\u2019ensemble, \u00e0 vous offrir une exp\u00e9rience utilisateur meilleure et am\u00e9lior\u00e9e tout en acc\u00e9l\u00e9rant vos futures interactions avec notre site web.<\/p>\n<p>[wcc_category_list]<\/p>\n<p>&nbsp;<\/p>\n<h2 data-start=\"1973\" data-end=\"2019\">G\u00e9rer les pr\u00e9f\u00e9rences en mati\u00e8re de cookies<\/h2>\n<p data-start=\"2021\" data-end=\"2669\">Vous pouvez modifier vos pr\u00e9f\u00e9rences en mati\u00e8re de cookies \u00e0 tout moment en cliquant sur le bouton [wcc_preference_button]. Cela vous permettra de revoir la banni\u00e8re de consentement aux cookies et de modifier vos pr\u00e9f\u00e9rences ou de retirer votre consentement imm\u00e9diatement.<br data-start=\"2293\" data-end=\"2296\" \/>De plus, diff\u00e9rents navigateurs offrent diverses m\u00e9thodes pour bloquer et supprimer les cookies utilis\u00e9s par les sites web. Vous pouvez modifier les param\u00e8tres de votre navigateur pour bloquer ou supprimer les cookies. Vous trouverez ci-dessous les liens vers les documents d\u2019assistance expliquant comment g\u00e9rer et supprimer les cookies dans les principaux navigateurs web.<\/p>\n<p>Chrome: <a href=\"https:\/\/support.google.com\/accounts\/answer\/32050\"> https:\/\/support.google.com\/accounts\/answer\/32050<\/a><\/p>\n<p>Safari: <a href=\"https:\/\/support.apple.com\/en-in\/guide\/safari\/sfri11471\/mac\">https:\/\/support.apple.com\/en-in\/guide\/safari\/sfri11471\/mac<\/a><\/p>\n<p>Firefox: <a href=\"https:\/\/support.mozilla.org\/en-US\/kb\/clear-cookies-and-site-data-firefox?redirectslug=delete-cookies-remove-info-websites-stored&amp;redirectlocale=en-US\">https:\/\/support.mozilla.org\/en-US\/kb\/clear-cookies-and-site-data-firefox?redirectslug=delete-cookies-remove-info-websites-stored&amp;redirectlocale=en-US<\/a><\/p>\n<p>Microsoft Edge: <a href=\"https:\/\/support.microsoft.com\/en-us\/microsoft-edge\/delete-cookies-in-microsoft-edge-63947406-40ac-c3b8-57b9-2a946a29ae09\"> Supprimer les cookies dans Microsoft Edge &#8211; Microsoft Support<\/a><\/p>\n<p>Si vous utilisez un autre navigateur web, veuillez consulter la documentation d\u2019assistance officielle de votre navigateur.<\/p>\n<p>&nbsp;<\/p>\n<p><strong data-start=\"3452\" data-end=\"3478\">Derni\u00e8re mise \u00e0 jour :<\/strong> 07.11.2025<\/p>\n<p>&nbsp;<\/p>\n","protected":false},"excerpt":{"rendered":"<p>&nbsp; Politique en mati\u00e8re de cookies Que sont les cookies ? Les cookies sont de petits fichiers texte enregistr\u00e9s sur votre appareil qui nous aident \u00e0 faire fonctionner correctement notre site web, \u00e0 am\u00e9liorer la s\u00e9curit\u00e9, \u00e0 offrir une meilleure exp\u00e9rience utilisateur et \u00e0 analyser les performances du site. &nbsp; Que sont les cookies ? &hellip;<\/p>\n","protected":false},"author":2,"featured_media":0,"parent":0,"menu_order":0,"comment_status":"closed","ping_status":"closed","template":"","meta":{"_acf_changed":false,"footnotes":""},"class_list":["post-30829","page","type-page","status-publish","hentry"],"acf":[],"yoast_head":"<!-- This site is optimized with the Yoast SEO Premium plugin v27.4 (Yoast SEO v27.4) - https:\/\/yoast.com\/product\/yoast-seo-premium-wordpress\/ -->\n<title>Politique en mati\u00e8re de cookies | 3coty\u00ae Blog<\/title>\n<meta name=\"robots\" content=\"index, follow, max-snippet:-1, max-image-preview:large, max-video-preview:-1\" \/>\n<link rel=\"canonical\" href=\"https:\/\/blog.3coty.com\/fr\/cookie-policy\/\" \/>\n<meta property=\"og:locale\" content=\"fr_FR\" \/>\n<meta property=\"og:type\" content=\"article\" \/>\n<meta property=\"og:title\" content=\"Politique en mati\u00e8re de cookies\" \/>\n<meta property=\"og:description\" content=\"&nbsp; Politique en mati\u00e8re de cookies Que sont les cookies ? Les cookies sont de petits fichiers texte enregistr\u00e9s sur votre appareil qui nous aident \u00e0 faire fonctionner correctement notre site web, \u00e0 am\u00e9liorer la s\u00e9curit\u00e9, \u00e0 offrir une meilleure exp\u00e9rience utilisateur et \u00e0 analyser les performances du site. &nbsp; Que sont les cookies ? &hellip;\" \/>\n<meta property=\"og:url\" content=\"https:\/\/blog.3coty.com\/fr\/cookie-policy\/\" \/>\n<meta property=\"og:site_name\" content=\"3coty\u00ae Blog\" \/>\n<meta property=\"article:publisher\" content=\"https:\/\/www.facebook.com\/3coty\" \/>\n<meta property=\"article:modified_time\" content=\"2025-12-09T17:54:04+00:00\" \/>\n<meta name=\"twitter:card\" content=\"summary_large_image\" \/>\n<meta name=\"twitter:label1\" content=\"Dur\u00e9e de lecture estim\u00e9e\" \/>\n\t<meta name=\"twitter:data1\" content=\"2 minutes\" \/>\n<script type=\"application\/ld+json\" class=\"yoast-schema-graph\">{\"@context\":\"https:\\\/\\\/schema.org\",\"@graph\":[{\"@type\":\"WebPage\",\"@id\":\"https:\\\/\\\/blog.3coty.com\\\/fr\\\/cookie-policy\\\/\",\"url\":\"https:\\\/\\\/blog.3coty.com\\\/fr\\\/cookie-policy\\\/\",\"name\":\"Politique en mati\u00e8re de cookies | 3coty\u00ae Blog\",\"isPartOf\":{\"@id\":\"https:\\\/\\\/blog.3coty.com\\\/fr\\\/#website\"},\"datePublished\":\"2025-09-18T12:01:26+00:00\",\"dateModified\":\"2025-12-09T17:54:04+00:00\",\"breadcrumb\":{\"@id\":\"https:\\\/\\\/blog.3coty.com\\\/fr\\\/cookie-policy\\\/#breadcrumb\"},\"inLanguage\":\"fr-FR\",\"potentialAction\":[{\"@type\":\"ReadAction\",\"target\":[\"https:\\\/\\\/blog.3coty.com\\\/fr\\\/cookie-policy\\\/\"]}]},{\"@type\":\"BreadcrumbList\",\"@id\":\"https:\\\/\\\/blog.3coty.com\\\/fr\\\/cookie-policy\\\/#breadcrumb\",\"itemListElement\":[{\"@type\":\"ListItem\",\"position\":1,\"name\":\"Accueil du blog\",\"item\":\"https:\\\/\\\/blog.3coty.com\\\/fr\\\/\"},{\"@type\":\"ListItem\",\"position\":2,\"name\":\"Politique en mati\u00e8re de cookies\"}]},{\"@type\":\"WebSite\",\"@id\":\"https:\\\/\\\/blog.3coty.com\\\/fr\\\/#website\",\"url\":\"https:\\\/\\\/blog.3coty.com\\\/fr\\\/\",\"name\":\"3coty\u00ae Blog\",\"description\":\"#knowyourcat #loveyourcat\",\"publisher\":{\"@id\":\"https:\\\/\\\/blog.3coty.com\\\/fr\\\/#organization\"},\"potentialAction\":[{\"@type\":\"SearchAction\",\"target\":{\"@type\":\"EntryPoint\",\"urlTemplate\":\"https:\\\/\\\/blog.3coty.com\\\/fr\\\/?s={search_term_string}\"},\"query-input\":{\"@type\":\"PropertyValueSpecification\",\"valueRequired\":true,\"valueName\":\"search_term_string\"}}],\"inLanguage\":\"fr-FR\"},{\"@type\":\"Organization\",\"@id\":\"https:\\\/\\\/blog.3coty.com\\\/fr\\\/#organization\",\"name\":\"3coty\u00ae Blog\",\"url\":\"https:\\\/\\\/blog.3coty.com\\\/fr\\\/\",\"logo\":{\"@type\":\"ImageObject\",\"inLanguage\":\"fr-FR\",\"@id\":\"https:\\\/\\\/blog.3coty.com\\\/fr\\\/#\\\/schema\\\/logo\\\/image\\\/\",\"url\":\"https:\\\/\\\/blog.3coty.com\\\/wp-content\\\/uploads\\\/2025\\\/05\\\/3coty-512-512.jpg\",\"contentUrl\":\"https:\\\/\\\/blog.3coty.com\\\/wp-content\\\/uploads\\\/2025\\\/05\\\/3coty-512-512.jpg\",\"width\":512,\"height\":512,\"caption\":\"3coty\u00ae Blog\"},\"image\":{\"@id\":\"https:\\\/\\\/blog.3coty.com\\\/fr\\\/#\\\/schema\\\/logo\\\/image\\\/\"},\"sameAs\":[\"https:\\\/\\\/www.facebook.com\\\/3coty\",\"https:\\\/\\\/www.instagram.com\\\/3coty\"]}]}<\/script>\n<!-- \/ Yoast SEO Premium plugin. -->","yoast_head_json":{"title":"Politique en mati\u00e8re de cookies | 3coty\u00ae Blog","robots":{"index":"index","follow":"follow","max-snippet":"max-snippet:-1","max-image-preview":"max-image-preview:large","max-video-preview":"max-video-preview:-1"},"canonical":"https:\/\/blog.3coty.com\/fr\/cookie-policy\/","og_locale":"fr_FR","og_type":"article","og_title":"Politique en mati\u00e8re de cookies","og_description":"&nbsp; Politique en mati\u00e8re de cookies Que sont les cookies ? Les cookies sont de petits fichiers texte enregistr\u00e9s sur votre appareil qui nous aident \u00e0 faire fonctionner correctement notre site web, \u00e0 am\u00e9liorer la s\u00e9curit\u00e9, \u00e0 offrir une meilleure exp\u00e9rience utilisateur et \u00e0 analyser les performances du site. &nbsp; Que sont les cookies ? &hellip;","og_url":"https:\/\/blog.3coty.com\/fr\/cookie-policy\/","og_site_name":"3coty\u00ae Blog","article_publisher":"https:\/\/www.facebook.com\/3coty","article_modified_time":"2025-12-09T17:54:04+00:00","twitter_card":"summary_large_image","twitter_misc":{"Dur\u00e9e de lecture estim\u00e9e":"2 minutes"},"schema":{"@context":"https:\/\/schema.org","@graph":[{"@type":"WebPage","@id":"https:\/\/blog.3coty.com\/fr\/cookie-policy\/","url":"https:\/\/blog.3coty.com\/fr\/cookie-policy\/","name":"Politique en mati\u00e8re de cookies | 3coty\u00ae Blog","isPartOf":{"@id":"https:\/\/blog.3coty.com\/fr\/#website"},"datePublished":"2025-09-18T12:01:26+00:00","dateModified":"2025-12-09T17:54:04+00:00","breadcrumb":{"@id":"https:\/\/blog.3coty.com\/fr\/cookie-policy\/#breadcrumb"},"inLanguage":"fr-FR","potentialAction":[{"@type":"ReadAction","target":["https:\/\/blog.3coty.com\/fr\/cookie-policy\/"]}]},{"@type":"BreadcrumbList","@id":"https:\/\/blog.3coty.com\/fr\/cookie-policy\/#breadcrumb","itemListElement":[{"@type":"ListItem","position":1,"name":"Accueil du blog","item":"https:\/\/blog.3coty.com\/fr\/"},{"@type":"ListItem","position":2,"name":"Politique en mati\u00e8re de cookies"}]},{"@type":"WebSite","@id":"https:\/\/blog.3coty.com\/fr\/#website","url":"https:\/\/blog.3coty.com\/fr\/","name":"3coty\u00ae Blog","description":"#knowyourcat #loveyourcat","publisher":{"@id":"https:\/\/blog.3coty.com\/fr\/#organization"},"potentialAction":[{"@type":"SearchAction","target":{"@type":"EntryPoint","urlTemplate":"https:\/\/blog.3coty.com\/fr\/?s={search_term_string}"},"query-input":{"@type":"PropertyValueSpecification","valueRequired":true,"valueName":"search_term_string"}}],"inLanguage":"fr-FR"},{"@type":"Organization","@id":"https:\/\/blog.3coty.com\/fr\/#organization","name":"3coty\u00ae Blog","url":"https:\/\/blog.3coty.com\/fr\/","logo":{"@type":"ImageObject","inLanguage":"fr-FR","@id":"https:\/\/blog.3coty.com\/fr\/#\/schema\/logo\/image\/","url":"https:\/\/blog.3coty.com\/wp-content\/uploads\/2025\/05\/3coty-512-512.jpg","contentUrl":"https:\/\/blog.3coty.com\/wp-content\/uploads\/2025\/05\/3coty-512-512.jpg","width":512,"height":512,"caption":"3coty\u00ae Blog"},"image":{"@id":"https:\/\/blog.3coty.com\/fr\/#\/schema\/logo\/image\/"},"sameAs":["https:\/\/www.facebook.com\/3coty","https:\/\/www.instagram.com\/3coty"]}]}},"_links":{"self":[{"href":"https:\/\/blog.3coty.com\/fr\/wp-json\/wp\/v2\/pages\/30829","targetHints":{"allow":["GET"]}}],"collection":[{"href":"https:\/\/blog.3coty.com\/fr\/wp-json\/wp\/v2\/pages"}],"about":[{"href":"https:\/\/blog.3coty.com\/fr\/wp-json\/wp\/v2\/types\/page"}],"author":[{"embeddable":true,"href":"https:\/\/blog.3coty.com\/fr\/wp-json\/wp\/v2\/users\/2"}],"replies":[{"embeddable":true,"href":"https:\/\/blog.3coty.com\/fr\/wp-json\/wp\/v2\/comments?post=30829"}],"version-history":[{"count":1,"href":"https:\/\/blog.3coty.com\/fr\/wp-json\/wp\/v2\/pages\/30829\/revisions"}],"predecessor-version":[{"id":40933,"href":"https:\/\/blog.3coty.com\/fr\/wp-json\/wp\/v2\/pages\/30829\/revisions\/40933"}],"wp:attachment":[{"href":"https:\/\/blog.3coty.com\/fr\/wp-json\/wp\/v2\/media?parent=30829"}],"curies":[{"name":"wp","href":"https:\/\/api.w.org\/{rel}","templated":true}]}}