{"id":30870,"date":"2025-09-18T12:01:26","date_gmt":"2025-09-18T12:01:26","guid":{"rendered":"https:\/\/blog.3coty.com\/?page_id=30870"},"modified":"2025-12-09T18:11:17","modified_gmt":"2025-12-09T18:11:17","slug":"cookie-policy","status":"publish","type":"page","link":"https:\/\/blog.3coty.com\/no\/cookie-policy\/","title":{"rendered":"Retningslinjer for informasjonskapsler"},"content":{"rendered":"<p>&nbsp;<\/p>\n<h1>Retningslinjer for informasjonskapsler<\/h1>\n<h2 data-start=\"219\" data-end=\"249\">Hva er informasjonskapsler?<\/h2>\n<p data-start=\"251\" data-end=\"480\">Informasjonskapsler (cookies) er sm\u00e5 tekstfiler som lagres p\u00e5 enheten din og hjelper oss med \u00e5 f\u00e5 nettstedet v\u00e5rt til \u00e5 fungere riktig, forbedre sikkerheten, gi en bedre brukeropplevelse og analysere hvordan nettstedet presterer.<\/p>\n<p>&nbsp;<\/p>\n<h2 data-start=\"487\" data-end=\"517\">Hva er informasjonskapsler?<\/h2>\n<p data-start=\"519\" data-end=\"854\">Denne retningslinjen for informasjonskapsler forklarer hva informasjonskapsler er og hvordan vi bruker dem, hvilke typer informasjonskapsler vi benytter \u2013 det vil si hvilken informasjon vi samler inn gjennom informasjonskapsler, hvordan denne informasjonen brukes, og hvordan du kan administrere innstillingene for informasjonskapsler.<\/p>\n<p data-start=\"856\" data-end=\"1240\">Informasjonskapsler er sm\u00e5 tekstfiler som brukes til \u00e5 lagre sm\u00e5 mengder informasjon. De lagres p\u00e5 enheten din n\u00e5r nettstedet lastes i nettleseren din. Disse informasjonskapslene hjelper oss med \u00e5 f\u00e5 nettstedet til \u00e5 fungere riktig, gj\u00f8re det sikrere, tilby en bedre brukeropplevelse og forst\u00e5 hvordan nettstedet fungerer, samt analysere hva som fungerer bra og hva som kan forbedres.<\/p>\n<p>&nbsp;<\/p>\n<h2 data-start=\"1247\" data-end=\"1288\">Hvordan bruker vi informasjonskapsler?<\/h2>\n<p data-start=\"1290\" data-end=\"1563\">Som de fleste nettjenester bruker nettstedet v\u00e5rt informasjonskapsler fra f\u00f8rste- og tredjepart til ulike form\u00e5l. F\u00f8rsteparts informasjonskapsler er hovedsakelig n\u00f8dvendige for at nettstedet skal fungere p\u00e5 riktig m\u00e5te, og de samler ikke inn personlig identifiserbare data.<\/p>\n<p data-start=\"1565\" data-end=\"1913\">Tredjeparts informasjonskapsler som brukes p\u00e5 nettstedet v\u00e5rt, brukes hovedsakelig til \u00e5 forst\u00e5 hvordan nettstedet fungerer, hvordan du samhandler med det, til \u00e5 holde tjenestene v\u00e5re sikre, tilby deg relevante annonser og generelt gi deg en bedre og mer optimalisert brukeropplevelse, samt bidra til \u00e5 gj\u00f8re fremtidige bes\u00f8k p\u00e5 nettstedet raskere.<\/p>\n<p data-start=\"1915\" data-end=\"1934\">[wcc_category_list]<\/p>\n<p>&nbsp;<\/p>\n<h2 data-start=\"1941\" data-end=\"1987\">Administrer informasjonskapselinnstillinger<\/h2>\n<p data-start=\"1989\" data-end=\"2591\">Du kan endre innstillingene for informasjonskapsler n\u00e5r som helst ved \u00e5 klikke p\u00e5 [wcc_preference_button]-knappen. Dette lar deg se samtykkebanneren p\u00e5 nytt og endre innstillingene dine eller trekke tilbake samtykket ditt umiddelbart.<br data-start=\"2223\" data-end=\"2226\" \/>I tillegg tilbyr ulike nettlesere forskjellige metoder for \u00e5 blokkere og slette informasjonskapsler som brukes av nettsteder. Du kan endre innstillingene i nettleseren din for \u00e5 blokkere eller slette informasjonskapsler. Nedenfor finner du lenker til st\u00f8ttedokumenter som forklarer hvordan du administrerer og sletter informasjonskapsler i de vanligste nettleserne.<\/p>\n<p>Chrome: <a href=\"https:\/\/support.google.com\/accounts\/answer\/32050\"> https:\/\/support.google.com\/accounts\/answer\/32050<\/a><\/p>\n<p>Safari: <a href=\"https:\/\/support.apple.com\/en-in\/guide\/safari\/sfri11471\/mac\">https:\/\/support.apple.com\/en-in\/guide\/safari\/sfri11471\/mac<\/a><\/p>\n<p>Firefox: <a href=\"https:\/\/support.mozilla.org\/en-US\/kb\/clear-cookies-and-site-data-firefox?redirectslug=delete-cookies-remove-info-websites-stored&amp;redirectlocale=en-US\">https:\/\/support.mozilla.org\/en-US\/kb\/clear-cookies-and-site-data-firefox?redirectslug=delete-cookies-remove-info-websites-stored&amp;redirectlocale=en-US<\/a><\/p>\n<p>Microsoft Edge: <a href=\"https:\/\/support.microsoft.com\/en-us\/microsoft-edge\/delete-cookies-in-microsoft-edge-63947406-40ac-c3b8-57b9-2a946a29ae09\"> Slett informasjonskapsler i Microsoft Edge \u2013 Microsoft Support<\/a><\/p>\n<p>Hvis du bruker en annen nettleser, kan du bes\u00f8ke den offisielle st\u00f8ttesiden for nettleseren din.<\/p>\n<p>&nbsp;<\/p>\n<p><strong data-start=\"3345\" data-end=\"3364\">Sist oppdatert:<\/strong> 07.11.2025<\/p>\n","protected":false},"excerpt":{"rendered":"<p>&nbsp; Retningslinjer for informasjonskapsler Hva er informasjonskapsler? Informasjonskapsler (cookies) er sm\u00e5 tekstfiler som lagres p\u00e5 enheten din og hjelper oss med \u00e5 f\u00e5 nettstedet v\u00e5rt til \u00e5 fungere riktig, forbedre sikkerheten, gi en bedre brukeropplevelse og analysere hvordan nettstedet presterer. &nbsp; Hva er informasjonskapsler? Denne retningslinjen for informasjonskapsler forklarer hva informasjonskapsler er og hvordan vi &hellip;<\/p>\n","protected":false},"author":3,"featured_media":0,"parent":0,"menu_order":0,"comment_status":"closed","ping_status":"closed","template":"","meta":{"_acf_changed":false,"footnotes":""},"class_list":["post-30870","page","type-page","status-publish","hentry"],"acf":[],"yoast_head":"<!-- This site is optimized with the Yoast SEO Premium plugin v27.4 (Yoast SEO v27.4) - https:\/\/yoast.com\/product\/yoast-seo-premium-wordpress\/ -->\n<title>Retningslinjer for informasjonskapsler | 3coty\u00ae Blog<\/title>\n<meta name=\"robots\" content=\"index, follow, max-snippet:-1, max-image-preview:large, max-video-preview:-1\" \/>\n<link rel=\"canonical\" href=\"https:\/\/blog.3coty.com\/no\/cookie-policy\/\" \/>\n<meta property=\"og:locale\" content=\"nb_NO\" \/>\n<meta property=\"og:type\" content=\"article\" \/>\n<meta property=\"og:title\" content=\"Retningslinjer for informasjonskapsler\" \/>\n<meta property=\"og:description\" content=\"&nbsp; Retningslinjer for informasjonskapsler Hva er informasjonskapsler? Informasjonskapsler (cookies) er sm\u00e5 tekstfiler som lagres p\u00e5 enheten din og hjelper oss med \u00e5 f\u00e5 nettstedet v\u00e5rt til \u00e5 fungere riktig, forbedre sikkerheten, gi en bedre brukeropplevelse og analysere hvordan nettstedet presterer. &nbsp; Hva er informasjonskapsler? Denne retningslinjen for informasjonskapsler forklarer hva informasjonskapsler er og hvordan vi &hellip;\" \/>\n<meta property=\"og:url\" content=\"https:\/\/blog.3coty.com\/no\/cookie-policy\/\" \/>\n<meta property=\"og:site_name\" content=\"3coty\u00ae Blog\" \/>\n<meta property=\"article:publisher\" content=\"https:\/\/www.facebook.com\/3coty\" \/>\n<meta property=\"article:modified_time\" content=\"2025-12-09T18:11:17+00:00\" \/>\n<meta name=\"twitter:card\" content=\"summary_large_image\" \/>\n<meta name=\"twitter:label1\" content=\"Ansl. lesetid\" \/>\n\t<meta name=\"twitter:data1\" content=\"2 minutter\" \/>\n<script type=\"application\/ld+json\" class=\"yoast-schema-graph\">{\"@context\":\"https:\\\/\\\/schema.org\",\"@graph\":[{\"@type\":\"WebPage\",\"@id\":\"https:\\\/\\\/blog.3coty.com\\\/no\\\/cookie-policy\\\/\",\"url\":\"https:\\\/\\\/blog.3coty.com\\\/no\\\/cookie-policy\\\/\",\"name\":\"Retningslinjer for informasjonskapsler | 3coty\u00ae Blog\",\"isPartOf\":{\"@id\":\"https:\\\/\\\/blog.3coty.com\\\/no\\\/#website\"},\"datePublished\":\"2025-09-18T12:01:26+00:00\",\"dateModified\":\"2025-12-09T18:11:17+00:00\",\"breadcrumb\":{\"@id\":\"https:\\\/\\\/blog.3coty.com\\\/no\\\/cookie-policy\\\/#breadcrumb\"},\"inLanguage\":\"nb-NO\",\"potentialAction\":[{\"@type\":\"ReadAction\",\"target\":[\"https:\\\/\\\/blog.3coty.com\\\/no\\\/cookie-policy\\\/\"]}]},{\"@type\":\"BreadcrumbList\",\"@id\":\"https:\\\/\\\/blog.3coty.com\\\/no\\\/cookie-policy\\\/#breadcrumb\",\"itemListElement\":[{\"@type\":\"ListItem\",\"position\":1,\"name\":\"Bloggens startside\",\"item\":\"https:\\\/\\\/blog.3coty.com\\\/no\\\/\"},{\"@type\":\"ListItem\",\"position\":2,\"name\":\"Retningslinjer for informasjonskapsler\"}]},{\"@type\":\"WebSite\",\"@id\":\"https:\\\/\\\/blog.3coty.com\\\/no\\\/#website\",\"url\":\"https:\\\/\\\/blog.3coty.com\\\/no\\\/\",\"name\":\"3coty\u00ae Blog\",\"description\":\"#knowyourcat #loveyourcat\",\"publisher\":{\"@id\":\"https:\\\/\\\/blog.3coty.com\\\/no\\\/#organization\"},\"potentialAction\":[{\"@type\":\"SearchAction\",\"target\":{\"@type\":\"EntryPoint\",\"urlTemplate\":\"https:\\\/\\\/blog.3coty.com\\\/no\\\/?s={search_term_string}\"},\"query-input\":{\"@type\":\"PropertyValueSpecification\",\"valueRequired\":true,\"valueName\":\"search_term_string\"}}],\"inLanguage\":\"nb-NO\"},{\"@type\":\"Organization\",\"@id\":\"https:\\\/\\\/blog.3coty.com\\\/no\\\/#organization\",\"name\":\"3coty\u00ae Blog\",\"url\":\"https:\\\/\\\/blog.3coty.com\\\/no\\\/\",\"logo\":{\"@type\":\"ImageObject\",\"inLanguage\":\"nb-NO\",\"@id\":\"https:\\\/\\\/blog.3coty.com\\\/no\\\/#\\\/schema\\\/logo\\\/image\\\/\",\"url\":\"https:\\\/\\\/blog.3coty.com\\\/wp-content\\\/uploads\\\/2025\\\/05\\\/3coty-512-512.jpg\",\"contentUrl\":\"https:\\\/\\\/blog.3coty.com\\\/wp-content\\\/uploads\\\/2025\\\/05\\\/3coty-512-512.jpg\",\"width\":512,\"height\":512,\"caption\":\"3coty\u00ae Blog\"},\"image\":{\"@id\":\"https:\\\/\\\/blog.3coty.com\\\/no\\\/#\\\/schema\\\/logo\\\/image\\\/\"},\"sameAs\":[\"https:\\\/\\\/www.facebook.com\\\/3coty\",\"https:\\\/\\\/www.instagram.com\\\/3coty\"]}]}<\/script>\n<!-- \/ Yoast SEO Premium plugin. -->","yoast_head_json":{"title":"Retningslinjer for informasjonskapsler | 3coty\u00ae Blog","robots":{"index":"index","follow":"follow","max-snippet":"max-snippet:-1","max-image-preview":"max-image-preview:large","max-video-preview":"max-video-preview:-1"},"canonical":"https:\/\/blog.3coty.com\/no\/cookie-policy\/","og_locale":"nb_NO","og_type":"article","og_title":"Retningslinjer for informasjonskapsler","og_description":"&nbsp; Retningslinjer for informasjonskapsler Hva er informasjonskapsler? Informasjonskapsler (cookies) er sm\u00e5 tekstfiler som lagres p\u00e5 enheten din og hjelper oss med \u00e5 f\u00e5 nettstedet v\u00e5rt til \u00e5 fungere riktig, forbedre sikkerheten, gi en bedre brukeropplevelse og analysere hvordan nettstedet presterer. &nbsp; Hva er informasjonskapsler? Denne retningslinjen for informasjonskapsler forklarer hva informasjonskapsler er og hvordan vi &hellip;","og_url":"https:\/\/blog.3coty.com\/no\/cookie-policy\/","og_site_name":"3coty\u00ae Blog","article_publisher":"https:\/\/www.facebook.com\/3coty","article_modified_time":"2025-12-09T18:11:17+00:00","twitter_card":"summary_large_image","twitter_misc":{"Ansl. lesetid":"2 minutter"},"schema":{"@context":"https:\/\/schema.org","@graph":[{"@type":"WebPage","@id":"https:\/\/blog.3coty.com\/no\/cookie-policy\/","url":"https:\/\/blog.3coty.com\/no\/cookie-policy\/","name":"Retningslinjer for informasjonskapsler | 3coty\u00ae Blog","isPartOf":{"@id":"https:\/\/blog.3coty.com\/no\/#website"},"datePublished":"2025-09-18T12:01:26+00:00","dateModified":"2025-12-09T18:11:17+00:00","breadcrumb":{"@id":"https:\/\/blog.3coty.com\/no\/cookie-policy\/#breadcrumb"},"inLanguage":"nb-NO","potentialAction":[{"@type":"ReadAction","target":["https:\/\/blog.3coty.com\/no\/cookie-policy\/"]}]},{"@type":"BreadcrumbList","@id":"https:\/\/blog.3coty.com\/no\/cookie-policy\/#breadcrumb","itemListElement":[{"@type":"ListItem","position":1,"name":"Bloggens startside","item":"https:\/\/blog.3coty.com\/no\/"},{"@type":"ListItem","position":2,"name":"Retningslinjer for informasjonskapsler"}]},{"@type":"WebSite","@id":"https:\/\/blog.3coty.com\/no\/#website","url":"https:\/\/blog.3coty.com\/no\/","name":"3coty\u00ae Blog","description":"#knowyourcat #loveyourcat","publisher":{"@id":"https:\/\/blog.3coty.com\/no\/#organization"},"potentialAction":[{"@type":"SearchAction","target":{"@type":"EntryPoint","urlTemplate":"https:\/\/blog.3coty.com\/no\/?s={search_term_string}"},"query-input":{"@type":"PropertyValueSpecification","valueRequired":true,"valueName":"search_term_string"}}],"inLanguage":"nb-NO"},{"@type":"Organization","@id":"https:\/\/blog.3coty.com\/no\/#organization","name":"3coty\u00ae Blog","url":"https:\/\/blog.3coty.com\/no\/","logo":{"@type":"ImageObject","inLanguage":"nb-NO","@id":"https:\/\/blog.3coty.com\/no\/#\/schema\/logo\/image\/","url":"https:\/\/blog.3coty.com\/wp-content\/uploads\/2025\/05\/3coty-512-512.jpg","contentUrl":"https:\/\/blog.3coty.com\/wp-content\/uploads\/2025\/05\/3coty-512-512.jpg","width":512,"height":512,"caption":"3coty\u00ae Blog"},"image":{"@id":"https:\/\/blog.3coty.com\/no\/#\/schema\/logo\/image\/"},"sameAs":["https:\/\/www.facebook.com\/3coty","https:\/\/www.instagram.com\/3coty"]}]}},"_links":{"self":[{"href":"https:\/\/blog.3coty.com\/no\/wp-json\/wp\/v2\/pages\/30870","targetHints":{"allow":["GET"]}}],"collection":[{"href":"https:\/\/blog.3coty.com\/no\/wp-json\/wp\/v2\/pages"}],"about":[{"href":"https:\/\/blog.3coty.com\/no\/wp-json\/wp\/v2\/types\/page"}],"author":[{"embeddable":true,"href":"https:\/\/blog.3coty.com\/no\/wp-json\/wp\/v2\/users\/3"}],"replies":[{"embeddable":true,"href":"https:\/\/blog.3coty.com\/no\/wp-json\/wp\/v2\/comments?post=30870"}],"version-history":[{"count":1,"href":"https:\/\/blog.3coty.com\/no\/wp-json\/wp\/v2\/pages\/30870\/revisions"}],"predecessor-version":[{"id":30871,"href":"https:\/\/blog.3coty.com\/no\/wp-json\/wp\/v2\/pages\/30870\/revisions\/30871"}],"wp:attachment":[{"href":"https:\/\/blog.3coty.com\/no\/wp-json\/wp\/v2\/media?parent=30870"}],"curies":[{"name":"wp","href":"https:\/\/api.w.org\/{rel}","templated":true}]}}