{"id":30867,"date":"2025-09-18T12:01:26","date_gmt":"2025-09-18T12:01:26","guid":{"rendered":"https:\/\/blog.3coty.com\/?page_id=30867"},"modified":"2025-11-07T13:18:37","modified_gmt":"2025-11-07T13:18:37","slug":"cookie-policy","status":"publish","type":"page","link":"https:\/\/blog.3coty.com\/sv\/cookie-policy\/","title":{"rendered":"Cookiepolicy"},"content":{"rendered":"<p>&nbsp;<\/p>\n<h1>Cookiepolicy<\/h1>\n<h2 data-start=\"147\" data-end=\"165\">Vad \u00e4r cookies?<\/h2>\n<p data-start=\"167\" data-end=\"368\">Cookies \u00e4r sm\u00e5 textfiler som lagras p\u00e5 din enhet och hj\u00e4lper oss att f\u00e5 v\u00e5r webbplats att fungera korrekt, f\u00f6rb\u00e4ttra s\u00e4kerheten, ge en b\u00e4ttre anv\u00e4ndarupplevelse och analysera hur webbplatsen presterar.<\/p>\n<p>&nbsp;<\/p>\n<h2 data-start=\"375\" data-end=\"393\">Vad \u00e4r cookies?<\/h2>\n<p data-start=\"395\" data-end=\"653\">Denna cookiepolicy f\u00f6rklarar vad cookies \u00e4r och hur vi anv\u00e4nder dem, vilka typer av cookies vi anv\u00e4nder \u2013 det vill s\u00e4ga vilken information vi samlar in med hj\u00e4lp av cookies och hur denna information anv\u00e4nds \u2013 samt hur du kan hantera dina cookieinst\u00e4llningar.<\/p>\n<p data-start=\"655\" data-end=\"1015\">Cookies \u00e4r sm\u00e5 textfiler som anv\u00e4nds f\u00f6r att lagra sm\u00e5 m\u00e4ngder information. De lagras p\u00e5 din enhet n\u00e4r webbplatsen laddas i din webbl\u00e4sare. Dessa cookies hj\u00e4lper oss att f\u00e5 webbplatsen att fungera korrekt, g\u00f6ra den s\u00e4krare, ge en b\u00e4ttre anv\u00e4ndarupplevelse och f\u00f6rst\u00e5 hur webbplatsen fungerar, samt analysera vad som fungerar bra och vad som beh\u00f6ver f\u00f6rb\u00e4ttras.<\/p>\n<p>&nbsp;<\/p>\n<h2 data-start=\"1022\" data-end=\"1049\">Hur anv\u00e4nder vi cookies?<\/h2>\n<p data-start=\"1051\" data-end=\"1323\">Precis som de flesta onlinetj\u00e4nster anv\u00e4nder v\u00e5r webbplats cookies fr\u00e5n f\u00f6rsta part och tredje part f\u00f6r olika \u00e4ndam\u00e5l. F\u00f6rstapartscookies \u00e4r i huvudsak n\u00f6dv\u00e4ndiga f\u00f6r att webbplatsen ska fungera p\u00e5 r\u00e4tt s\u00e4tt och de samlar inte in n\u00e5gra personligt identifierbara uppgifter.<\/p>\n<p data-start=\"1325\" data-end=\"1684\">Tredjepartscookies som anv\u00e4nds p\u00e5 v\u00e5r webbplats anv\u00e4nds fr\u00e4mst f\u00f6r att f\u00f6rst\u00e5 hur webbplatsen fungerar, hur du interagerar med den, f\u00f6r att h\u00e5lla v\u00e5ra tj\u00e4nster s\u00e4kra, f\u00f6r att visa annonser som \u00e4r relevanta f\u00f6r dig och i allm\u00e4nhet f\u00f6r att ge dig en b\u00e4ttre och f\u00f6rb\u00e4ttrad anv\u00e4ndarupplevelse samt f\u00f6r att snabba upp dina framtida interaktioner med v\u00e5r webbplats.<\/p>\n<p data-start=\"1686\" data-end=\"1705\">[wcc_category_list]<\/p>\n<p>&nbsp;<\/p>\n<h2 data-start=\"1712\" data-end=\"1742\">Hantera cookieinst\u00e4llningar<\/h2>\n<p data-start=\"1744\" data-end=\"2285\">Du kan \u00e4ndra dina cookieinst\u00e4llningar n\u00e4r som helst genom att klicka p\u00e5 knappen [wcc_preference_button]. Detta l\u00e5ter dig \u00e5terbes\u00f6ka bannern f\u00f6r cookie-samtycke och \u00e4ndra dina preferenser eller dra tillbaka ditt samtycke direkt.<br data-start=\"1971\" data-end=\"1974\" \/>Dessutom erbjuder olika webbl\u00e4sare olika metoder f\u00f6r att blockera och ta bort cookies som anv\u00e4nds av webbplatser. Du kan \u00e4ndra inst\u00e4llningarna i din webbl\u00e4sare f\u00f6r att blockera eller ta bort cookies. Nedan finns l\u00e4nkar till supportdokumenten f\u00f6r hur du hanterar och tar bort cookies i de vanligaste webbl\u00e4sarna.<\/p>\n<p>Chrome: <a href=\"https:\/\/support.google.com\/accounts\/answer\/32050\"> https:\/\/support.google.com\/accounts\/answer\/32050<\/a><\/p>\n<p>Safari: <a href=\"https:\/\/support.apple.com\/en-in\/guide\/safari\/sfri11471\/mac\">https:\/\/support.apple.com\/en-in\/guide\/safari\/sfri11471\/mac<\/a><\/p>\n<p>Firefox: <a href=\"https:\/\/support.mozilla.org\/en-US\/kb\/clear-cookies-and-site-data-firefox?redirectslug=delete-cookies-remove-info-websites-stored&amp;redirectlocale=en-US\">https:\/\/support.mozilla.org\/en-US\/kb\/clear-cookies-and-site-data-firefox?redirectslug=delete-cookies-remove-info-websites-stored&amp;redirectlocale=en-US<\/a><\/p>\n<p>Microsoft Edge: <a href=\"https:\/\/support.microsoft.com\/en-us\/microsoft-edge\/delete-cookies-in-microsoft-edge-63947406-40ac-c3b8-57b9-2a946a29ae09\"> Ta bort cookies i Microsoft Edge &#8211; Microsoft Support<\/a><\/p>\n<p>Om du anv\u00e4nder en annan webbl\u00e4sare, bes\u00f6k webbl\u00e4sarens officiella supportsidor.<\/p>\n<p>&nbsp;<\/p>\n<p><strong data-start=\"3012\" data-end=\"3034\">Senast uppdaterad:<\/strong> 07.11.2025<\/p>\n<p>&nbsp;<\/p>\n","protected":false},"excerpt":{"rendered":"<p>&nbsp; Cookiepolicy Vad \u00e4r cookies? Cookies \u00e4r sm\u00e5 textfiler som lagras p\u00e5 din enhet och hj\u00e4lper oss att f\u00e5 v\u00e5r webbplats att fungera korrekt, f\u00f6rb\u00e4ttra s\u00e4kerheten, ge en b\u00e4ttre anv\u00e4ndarupplevelse och analysera hur webbplatsen presterar. &nbsp; Vad \u00e4r cookies? Denna cookiepolicy f\u00f6rklarar vad cookies \u00e4r och hur vi anv\u00e4nder dem, vilka typer av cookies vi &hellip;<\/p>\n","protected":false},"author":3,"featured_media":0,"parent":0,"menu_order":0,"comment_status":"closed","ping_status":"closed","template":"","meta":{"_acf_changed":false,"footnotes":""},"class_list":["post-30867","page","type-page","status-publish","hentry"],"acf":[],"yoast_head":"<!-- This site is optimized with the Yoast SEO Premium plugin v27.4 (Yoast SEO v27.4) - https:\/\/yoast.com\/product\/yoast-seo-premium-wordpress\/ -->\n<title>Cookiepolicy | 3coty\u00ae Blog<\/title>\n<meta name=\"robots\" content=\"index, follow, max-snippet:-1, max-image-preview:large, max-video-preview:-1\" \/>\n<link rel=\"canonical\" href=\"https:\/\/blog.3coty.com\/sv\/cookie-policy\/\" \/>\n<meta property=\"og:locale\" content=\"sv_SE\" \/>\n<meta property=\"og:type\" content=\"article\" \/>\n<meta property=\"og:title\" content=\"Cookiepolicy\" \/>\n<meta property=\"og:description\" content=\"&nbsp; Cookiepolicy Vad \u00e4r cookies? Cookies \u00e4r sm\u00e5 textfiler som lagras p\u00e5 din enhet och hj\u00e4lper oss att f\u00e5 v\u00e5r webbplats att fungera korrekt, f\u00f6rb\u00e4ttra s\u00e4kerheten, ge en b\u00e4ttre anv\u00e4ndarupplevelse och analysera hur webbplatsen presterar. &nbsp; Vad \u00e4r cookies? Denna cookiepolicy f\u00f6rklarar vad cookies \u00e4r och hur vi anv\u00e4nder dem, vilka typer av cookies vi &hellip;\" \/>\n<meta property=\"og:url\" content=\"https:\/\/blog.3coty.com\/sv\/cookie-policy\/\" \/>\n<meta property=\"og:site_name\" content=\"3coty\u00ae Blog\" \/>\n<meta property=\"article:publisher\" content=\"https:\/\/www.facebook.com\/3coty\" \/>\n<meta property=\"article:modified_time\" content=\"2025-11-07T13:18:37+00:00\" \/>\n<meta name=\"twitter:card\" content=\"summary_large_image\" \/>\n<meta name=\"twitter:label1\" content=\"Ber\u00e4knad l\u00e4stid\" \/>\n\t<meta name=\"twitter:data1\" content=\"2 minuter\" \/>\n<script type=\"application\/ld+json\" class=\"yoast-schema-graph\">{\"@context\":\"https:\\\/\\\/schema.org\",\"@graph\":[{\"@type\":\"WebPage\",\"@id\":\"https:\\\/\\\/blog.3coty.com\\\/sv\\\/cookie-policy\\\/\",\"url\":\"https:\\\/\\\/blog.3coty.com\\\/sv\\\/cookie-policy\\\/\",\"name\":\"Cookiepolicy | 3coty\u00ae Blog\",\"isPartOf\":{\"@id\":\"https:\\\/\\\/blog.3coty.com\\\/sv\\\/#website\"},\"datePublished\":\"2025-09-18T12:01:26+00:00\",\"dateModified\":\"2025-11-07T13:18:37+00:00\",\"breadcrumb\":{\"@id\":\"https:\\\/\\\/blog.3coty.com\\\/sv\\\/cookie-policy\\\/#breadcrumb\"},\"inLanguage\":\"sv-SE\",\"potentialAction\":[{\"@type\":\"ReadAction\",\"target\":[\"https:\\\/\\\/blog.3coty.com\\\/sv\\\/cookie-policy\\\/\"]}]},{\"@type\":\"BreadcrumbList\",\"@id\":\"https:\\\/\\\/blog.3coty.com\\\/sv\\\/cookie-policy\\\/#breadcrumb\",\"itemListElement\":[{\"@type\":\"ListItem\",\"position\":1,\"name\":\"Bloggens startsida\",\"item\":\"https:\\\/\\\/blog.3coty.com\\\/sv\\\/\"},{\"@type\":\"ListItem\",\"position\":2,\"name\":\"Cookiepolicy\"}]},{\"@type\":\"WebSite\",\"@id\":\"https:\\\/\\\/blog.3coty.com\\\/sv\\\/#website\",\"url\":\"https:\\\/\\\/blog.3coty.com\\\/sv\\\/\",\"name\":\"3coty\u00ae Blog\",\"description\":\"#knowyourcat #loveyourcat\",\"publisher\":{\"@id\":\"https:\\\/\\\/blog.3coty.com\\\/sv\\\/#organization\"},\"potentialAction\":[{\"@type\":\"SearchAction\",\"target\":{\"@type\":\"EntryPoint\",\"urlTemplate\":\"https:\\\/\\\/blog.3coty.com\\\/sv\\\/?s={search_term_string}\"},\"query-input\":{\"@type\":\"PropertyValueSpecification\",\"valueRequired\":true,\"valueName\":\"search_term_string\"}}],\"inLanguage\":\"sv-SE\"},{\"@type\":\"Organization\",\"@id\":\"https:\\\/\\\/blog.3coty.com\\\/sv\\\/#organization\",\"name\":\"3coty\u00ae Blog\",\"url\":\"https:\\\/\\\/blog.3coty.com\\\/sv\\\/\",\"logo\":{\"@type\":\"ImageObject\",\"inLanguage\":\"sv-SE\",\"@id\":\"https:\\\/\\\/blog.3coty.com\\\/sv\\\/#\\\/schema\\\/logo\\\/image\\\/\",\"url\":\"https:\\\/\\\/blog.3coty.com\\\/wp-content\\\/uploads\\\/2025\\\/05\\\/3coty-512-512.jpg\",\"contentUrl\":\"https:\\\/\\\/blog.3coty.com\\\/wp-content\\\/uploads\\\/2025\\\/05\\\/3coty-512-512.jpg\",\"width\":512,\"height\":512,\"caption\":\"3coty\u00ae Blog\"},\"image\":{\"@id\":\"https:\\\/\\\/blog.3coty.com\\\/sv\\\/#\\\/schema\\\/logo\\\/image\\\/\"},\"sameAs\":[\"https:\\\/\\\/www.facebook.com\\\/3coty\",\"https:\\\/\\\/www.instagram.com\\\/3coty\"]}]}<\/script>\n<!-- \/ Yoast SEO Premium plugin. -->","yoast_head_json":{"title":"Cookiepolicy | 3coty\u00ae Blog","robots":{"index":"index","follow":"follow","max-snippet":"max-snippet:-1","max-image-preview":"max-image-preview:large","max-video-preview":"max-video-preview:-1"},"canonical":"https:\/\/blog.3coty.com\/sv\/cookie-policy\/","og_locale":"sv_SE","og_type":"article","og_title":"Cookiepolicy","og_description":"&nbsp; Cookiepolicy Vad \u00e4r cookies? Cookies \u00e4r sm\u00e5 textfiler som lagras p\u00e5 din enhet och hj\u00e4lper oss att f\u00e5 v\u00e5r webbplats att fungera korrekt, f\u00f6rb\u00e4ttra s\u00e4kerheten, ge en b\u00e4ttre anv\u00e4ndarupplevelse och analysera hur webbplatsen presterar. &nbsp; Vad \u00e4r cookies? Denna cookiepolicy f\u00f6rklarar vad cookies \u00e4r och hur vi anv\u00e4nder dem, vilka typer av cookies vi &hellip;","og_url":"https:\/\/blog.3coty.com\/sv\/cookie-policy\/","og_site_name":"3coty\u00ae Blog","article_publisher":"https:\/\/www.facebook.com\/3coty","article_modified_time":"2025-11-07T13:18:37+00:00","twitter_card":"summary_large_image","twitter_misc":{"Ber\u00e4knad l\u00e4stid":"2 minuter"},"schema":{"@context":"https:\/\/schema.org","@graph":[{"@type":"WebPage","@id":"https:\/\/blog.3coty.com\/sv\/cookie-policy\/","url":"https:\/\/blog.3coty.com\/sv\/cookie-policy\/","name":"Cookiepolicy | 3coty\u00ae Blog","isPartOf":{"@id":"https:\/\/blog.3coty.com\/sv\/#website"},"datePublished":"2025-09-18T12:01:26+00:00","dateModified":"2025-11-07T13:18:37+00:00","breadcrumb":{"@id":"https:\/\/blog.3coty.com\/sv\/cookie-policy\/#breadcrumb"},"inLanguage":"sv-SE","potentialAction":[{"@type":"ReadAction","target":["https:\/\/blog.3coty.com\/sv\/cookie-policy\/"]}]},{"@type":"BreadcrumbList","@id":"https:\/\/blog.3coty.com\/sv\/cookie-policy\/#breadcrumb","itemListElement":[{"@type":"ListItem","position":1,"name":"Bloggens startsida","item":"https:\/\/blog.3coty.com\/sv\/"},{"@type":"ListItem","position":2,"name":"Cookiepolicy"}]},{"@type":"WebSite","@id":"https:\/\/blog.3coty.com\/sv\/#website","url":"https:\/\/blog.3coty.com\/sv\/","name":"3coty\u00ae Blog","description":"#knowyourcat #loveyourcat","publisher":{"@id":"https:\/\/blog.3coty.com\/sv\/#organization"},"potentialAction":[{"@type":"SearchAction","target":{"@type":"EntryPoint","urlTemplate":"https:\/\/blog.3coty.com\/sv\/?s={search_term_string}"},"query-input":{"@type":"PropertyValueSpecification","valueRequired":true,"valueName":"search_term_string"}}],"inLanguage":"sv-SE"},{"@type":"Organization","@id":"https:\/\/blog.3coty.com\/sv\/#organization","name":"3coty\u00ae Blog","url":"https:\/\/blog.3coty.com\/sv\/","logo":{"@type":"ImageObject","inLanguage":"sv-SE","@id":"https:\/\/blog.3coty.com\/sv\/#\/schema\/logo\/image\/","url":"https:\/\/blog.3coty.com\/wp-content\/uploads\/2025\/05\/3coty-512-512.jpg","contentUrl":"https:\/\/blog.3coty.com\/wp-content\/uploads\/2025\/05\/3coty-512-512.jpg","width":512,"height":512,"caption":"3coty\u00ae Blog"},"image":{"@id":"https:\/\/blog.3coty.com\/sv\/#\/schema\/logo\/image\/"},"sameAs":["https:\/\/www.facebook.com\/3coty","https:\/\/www.instagram.com\/3coty"]}]}},"_links":{"self":[{"href":"https:\/\/blog.3coty.com\/sv\/wp-json\/wp\/v2\/pages\/30867","targetHints":{"allow":["GET"]}}],"collection":[{"href":"https:\/\/blog.3coty.com\/sv\/wp-json\/wp\/v2\/pages"}],"about":[{"href":"https:\/\/blog.3coty.com\/sv\/wp-json\/wp\/v2\/types\/page"}],"author":[{"embeddable":true,"href":"https:\/\/blog.3coty.com\/sv\/wp-json\/wp\/v2\/users\/3"}],"replies":[{"embeddable":true,"href":"https:\/\/blog.3coty.com\/sv\/wp-json\/wp\/v2\/comments?post=30867"}],"version-history":[{"count":2,"href":"https:\/\/blog.3coty.com\/sv\/wp-json\/wp\/v2\/pages\/30867\/revisions"}],"predecessor-version":[{"id":30869,"href":"https:\/\/blog.3coty.com\/sv\/wp-json\/wp\/v2\/pages\/30867\/revisions\/30869"}],"wp:attachment":[{"href":"https:\/\/blog.3coty.com\/sv\/wp-json\/wp\/v2\/media?parent=30867"}],"curies":[{"name":"wp","href":"https:\/\/api.w.org\/{rel}","templated":true}]}}